{"id":1862,"date":"2020-03-22T20:01:59","date_gmt":"2020-03-22T20:01:59","guid":{"rendered":"http:\/\/julienserru.com\/?page_id=1862"},"modified":"2020-03-23T00:46:37","modified_gmt":"2020-03-23T00:46:37","slug":"campagne-de-le-peuple-darcueil","status":"publish","type":"page","link":"https:\/\/julienserru.com\/?page_id=1862","title":{"rendered":"Campagne de Le Peuple d&rsquo;Arcueil"},"content":{"rendered":"\n<p><strong>Dans le cadre de la campagne de la listes citoyenne, j&rsquo;ai particip\u00e9 et pens\u00e9 :<\/strong><\/p>\n\n\n\n<p><strong>. le logo (id\u00e9e et r\u00e9alisation)<\/strong><\/p>\n\n\n\n<p><strong>. les concepts li\u00e9s \u00e0 une campagne politique (slogan, image de la liste citoyenne, &#8230;)<\/strong><\/p>\n\n\n\n<p><strong>. la strat\u00e9gie de communication<\/strong><\/p>\n\n\n\n<p><strong>. les \u00e9l\u00e9ments de communication (print et pour le community management)<\/strong><\/p>\n\n\n\n<p><strong>. la montage de vid\u00e9os pour les r\u00e9seaux sociaux<\/strong><\/p>\n\n\n\n<p><strong>. les propositions aux niveau de la Culture<\/strong><\/p>\n\n\n\n<p><strong>. le community management (sans aucune sponsorisation)<\/strong><\/p>\n\n\n\n<p><strong>A savoir :<\/strong> durant une campagne pour les Municipales, il n&rsquo;est pas possible de sponsoriser un seul contenu sur les r\u00e9seaux sociaux. Cela rend difficile le community management. Il a fallu penser le community management autrement. Arcueil est une ville d&rsquo;un peu plus de 20 000 habitants, une partie des vid\u00e9os a cependant d\u00e9pass\u00e9 les 2 000 vues, exemple : \u00ab\u00a0Votez pour Carla\u00a0\u00bb (plus de 2 100 vues).<\/p>\n\n\n\n<p><strong>TRACT POUR DISTRIBUTION<\/strong> :\n\n<\/p>\n\n\n\n<ul class=\"wp-block-gallery columns-2 is-cropped wp-block-gallery-1 is-layout-flex wp-block-gallery-is-layout-flex\"><li class=\"blocks-gallery-item\"><figure><img loading=\"lazy\" decoding=\"async\" width=\"733\" height=\"1024\" src=\"https:\/\/julienserru.com\/wp-content\/uploads\/2020\/03\/Tract-2-RECTO-733x1024.jpg\" alt=\"\" data-id=\"1867\" data-link=\"https:\/\/julienserru.com\/?attachment_id=1867\" class=\"wp-image-1867\" srcset=\"https:\/\/julienserru.com\/wp-content\/uploads\/2020\/03\/Tract-2-RECTO-733x1024.jpg 733w, https:\/\/julienserru.com\/wp-content\/uploads\/2020\/03\/Tract-2-RECTO-215x300.jpg 215w, https:\/\/julienserru.com\/wp-content\/uploads\/2020\/03\/Tract-2-RECTO-768x1074.jpg 768w, https:\/\/julienserru.com\/wp-content\/uploads\/2020\/03\/Tract-2-RECTO.jpg 1825w\" sizes=\"(max-width: 733px) 100vw, 733px\" \/><\/figure><\/li><li class=\"blocks-gallery-item\"><figure><img loading=\"lazy\" decoding=\"async\" width=\"733\" height=\"1024\" src=\"https:\/\/julienserru.com\/wp-content\/uploads\/2020\/03\/Tract-2-VERSO-copie-733x1024.jpg\" alt=\"\" data-id=\"1868\" data-link=\"https:\/\/julienserru.com\/?attachment_id=1868\" class=\"wp-image-1868\" srcset=\"https:\/\/julienserru.com\/wp-content\/uploads\/2020\/03\/Tract-2-VERSO-copie-733x1024.jpg 733w, https:\/\/julienserru.com\/wp-content\/uploads\/2020\/03\/Tract-2-VERSO-copie-215x300.jpg 215w, https:\/\/julienserru.com\/wp-content\/uploads\/2020\/03\/Tract-2-VERSO-copie-768x1074.jpg 768w, https:\/\/julienserru.com\/wp-content\/uploads\/2020\/03\/Tract-2-VERSO-copie.jpg 1825w\" sizes=\"(max-width: 733px) 100vw, 733px\" \/><\/figure><\/li><\/ul>\n\n\n\n<p><strong>VISUELS POUR LES R\u00c9SEAUX SOCIAUX ET LE COMMUNITY MANAGEMENT :<\/strong><\/p>\n\n\n\n<ul class=\"wp-block-gallery columns-4 is-cropped wp-block-gallery-2 is-layout-flex wp-block-gallery-is-layout-flex\"><li class=\"blocks-gallery-item\"><figure><img loading=\"lazy\" decoding=\"async\" width=\"1024\" height=\"1024\" src=\"https:\/\/julienserru.com\/wp-content\/uploads\/2020\/03\/visuel-01-B-copie-1024x1024.jpg\" alt=\"\" data-id=\"1882\" data-link=\"https:\/\/julienserru.com\/?attachment_id=1882\" class=\"wp-image-1882\" srcset=\"https:\/\/julienserru.com\/wp-content\/uploads\/2020\/03\/visuel-01-B-copie-1024x1024.jpg 1024w, https:\/\/julienserru.com\/wp-content\/uploads\/2020\/03\/visuel-01-B-copie-150x150.jpg 150w, https:\/\/julienserru.com\/wp-content\/uploads\/2020\/03\/visuel-01-B-copie-300x300.jpg 300w, https:\/\/julienserru.com\/wp-content\/uploads\/2020\/03\/visuel-01-B-copie-768x768.jpg 768w, https:\/\/julienserru.com\/wp-content\/uploads\/2020\/03\/visuel-01-B-copie.jpg 1772w\" sizes=\"(max-width: 1024px) 100vw, 1024px\" \/><\/figure><\/li><li class=\"blocks-gallery-item\"><figure><img loading=\"lazy\" decoding=\"async\" width=\"1024\" height=\"1024\" src=\"https:\/\/julienserru.com\/wp-content\/uploads\/2020\/03\/visuel-03-B-copie-1024x1024.jpg\" alt=\"\" data-id=\"1883\" data-link=\"https:\/\/julienserru.com\/?attachment_id=1883\" class=\"wp-image-1883\" srcset=\"https:\/\/julienserru.com\/wp-content\/uploads\/2020\/03\/visuel-03-B-copie-1024x1024.jpg 1024w, https:\/\/julienserru.com\/wp-content\/uploads\/2020\/03\/visuel-03-B-copie-150x150.jpg 150w, https:\/\/julienserru.com\/wp-content\/uploads\/2020\/03\/visuel-03-B-copie-300x300.jpg 300w, https:\/\/julienserru.com\/wp-content\/uploads\/2020\/03\/visuel-03-B-copie-768x768.jpg 768w, https:\/\/julienserru.com\/wp-content\/uploads\/2020\/03\/visuel-03-B-copie.jpg 1772w\" sizes=\"(max-width: 1024px) 100vw, 1024px\" \/><\/figure><\/li><li class=\"blocks-gallery-item\"><figure><img loading=\"lazy\" decoding=\"async\" width=\"1024\" height=\"1024\" src=\"https:\/\/julienserru.com\/wp-content\/uploads\/2020\/03\/visuel-04-B-copie-1024x1024.jpg\" alt=\"\" data-id=\"1884\" data-link=\"https:\/\/julienserru.com\/?attachment_id=1884\" class=\"wp-image-1884\" srcset=\"https:\/\/julienserru.com\/wp-content\/uploads\/2020\/03\/visuel-04-B-copie-1024x1024.jpg 1024w, https:\/\/julienserru.com\/wp-content\/uploads\/2020\/03\/visuel-04-B-copie-150x150.jpg 150w, https:\/\/julienserru.com\/wp-content\/uploads\/2020\/03\/visuel-04-B-copie-300x300.jpg 300w, https:\/\/julienserru.com\/wp-content\/uploads\/2020\/03\/visuel-04-B-copie-768x768.jpg 768w, https:\/\/julienserru.com\/wp-content\/uploads\/2020\/03\/visuel-04-B-copie.jpg 1772w\" sizes=\"(max-width: 1024px) 100vw, 1024px\" \/><\/figure><\/li><li class=\"blocks-gallery-item\"><figure><img loading=\"lazy\" decoding=\"async\" width=\"1024\" height=\"1024\" src=\"https:\/\/julienserru.com\/wp-content\/uploads\/2020\/03\/visuel-05-B-copie-1024x1024.jpg\" alt=\"\" data-id=\"1885\" data-link=\"https:\/\/julienserru.com\/?attachment_id=1885\" class=\"wp-image-1885\" srcset=\"https:\/\/julienserru.com\/wp-content\/uploads\/2020\/03\/visuel-05-B-copie-1024x1024.jpg 1024w, https:\/\/julienserru.com\/wp-content\/uploads\/2020\/03\/visuel-05-B-copie-150x150.jpg 150w, https:\/\/julienserru.com\/wp-content\/uploads\/2020\/03\/visuel-05-B-copie-300x300.jpg 300w, https:\/\/julienserru.com\/wp-content\/uploads\/2020\/03\/visuel-05-B-copie-768x768.jpg 768w, https:\/\/julienserru.com\/wp-content\/uploads\/2020\/03\/visuel-05-B-copie.jpg 1772w\" sizes=\"(max-width: 1024px) 100vw, 1024px\" \/><\/figure><\/li><\/ul>\n\n\n\n<p><strong>TRACT POUR DISTRIBUTION<\/strong> :<\/p>\n\n\n\n<ul class=\"wp-block-gallery columns-2 is-cropped wp-block-gallery-3 is-layout-flex wp-block-gallery-is-layout-flex\"><li class=\"blocks-gallery-item\"><figure><img loading=\"lazy\" decoding=\"async\" width=\"733\" height=\"1024\" src=\"https:\/\/julienserru.com\/wp-content\/uploads\/2020\/03\/Tract-RECTO-copie-733x1024.jpg\" alt=\"\" data-id=\"1863\" data-link=\"https:\/\/julienserru.com\/?attachment_id=1863\" class=\"wp-image-1863\" srcset=\"https:\/\/julienserru.com\/wp-content\/uploads\/2020\/03\/Tract-RECTO-copie-733x1024.jpg 733w, https:\/\/julienserru.com\/wp-content\/uploads\/2020\/03\/Tract-RECTO-copie-215x300.jpg 215w, https:\/\/julienserru.com\/wp-content\/uploads\/2020\/03\/Tract-RECTO-copie-768x1074.jpg 768w, https:\/\/julienserru.com\/wp-content\/uploads\/2020\/03\/Tract-RECTO-copie.jpg 1825w\" sizes=\"(max-width: 733px) 100vw, 733px\" \/><\/figure><\/li><li class=\"blocks-gallery-item\"><figure><img loading=\"lazy\" decoding=\"async\" width=\"733\" height=\"1024\" src=\"https:\/\/julienserru.com\/wp-content\/uploads\/2020\/03\/Tract-VERSO-copie-733x1024.jpg\" alt=\"\" data-id=\"1864\" data-link=\"https:\/\/julienserru.com\/?attachment_id=1864\" class=\"wp-image-1864\" srcset=\"https:\/\/julienserru.com\/wp-content\/uploads\/2020\/03\/Tract-VERSO-copie-733x1024.jpg 733w, https:\/\/julienserru.com\/wp-content\/uploads\/2020\/03\/Tract-VERSO-copie-215x300.jpg 215w, https:\/\/julienserru.com\/wp-content\/uploads\/2020\/03\/Tract-VERSO-copie-768x1074.jpg 768w, https:\/\/julienserru.com\/wp-content\/uploads\/2020\/03\/Tract-VERSO-copie.jpg 1825w\" sizes=\"(max-width: 733px) 100vw, 733px\" \/><\/figure><\/li><\/ul>\n\n\n\n<p><strong>CR\u00c9ATION DES \u00c9L\u00c9MENTS POUR LES MONTAGES DE VID\u00c9OS :<\/strong><\/p>\n\n\n\n<ul class=\"wp-block-gallery columns-3 is-cropped wp-block-gallery-4 is-layout-flex wp-block-gallery-is-layout-flex\"><li class=\"blocks-gallery-item\"><figure><img loading=\"lazy\" decoding=\"async\" width=\"1024\" height=\"576\" src=\"https:\/\/julienserru.com\/wp-content\/uploads\/2020\/03\/habillage-video-3-11-1024x576.jpg\" alt=\"\" data-id=\"1876\" data-link=\"https:\/\/julienserru.com\/?attachment_id=1876\" class=\"wp-image-1876\" srcset=\"https:\/\/julienserru.com\/wp-content\/uploads\/2020\/03\/habillage-video-3-11-1024x576.jpg 1024w, https:\/\/julienserru.com\/wp-content\/uploads\/2020\/03\/habillage-video-3-11-300x169.jpg 300w, https:\/\/julienserru.com\/wp-content\/uploads\/2020\/03\/habillage-video-3-11-768x432.jpg 768w, https:\/\/julienserru.com\/wp-content\/uploads\/2020\/03\/habillage-video-3-11-1140x641.jpg 1140w, https:\/\/julienserru.com\/wp-content\/uploads\/2020\/03\/habillage-video-3-11.jpg 1890w\" sizes=\"(max-width: 1024px) 100vw, 1024px\" \/><\/figure><\/li><li class=\"blocks-gallery-item\"><figure><img loading=\"lazy\" decoding=\"async\" width=\"1024\" height=\"574\" src=\"https:\/\/julienserru.com\/wp-content\/uploads\/2020\/03\/habillage-video-VOTE-CAPT-ECRAN-Karim-1024x574.jpg\" alt=\"\" data-id=\"1891\" data-link=\"https:\/\/julienserru.com\/?attachment_id=1891\" class=\"wp-image-1891\" srcset=\"https:\/\/julienserru.com\/wp-content\/uploads\/2020\/03\/habillage-video-VOTE-CAPT-ECRAN-Karim-1024x574.jpg 1024w, https:\/\/julienserru.com\/wp-content\/uploads\/2020\/03\/habillage-video-VOTE-CAPT-ECRAN-Karim-300x168.jpg 300w, https:\/\/julienserru.com\/wp-content\/uploads\/2020\/03\/habillage-video-VOTE-CAPT-ECRAN-Karim-768x431.jpg 768w, https:\/\/julienserru.com\/wp-content\/uploads\/2020\/03\/habillage-video-VOTE-CAPT-ECRAN-Karim.jpg 1177w\" sizes=\"(max-width: 1024px) 100vw, 1024px\" \/><\/figure><\/li><li class=\"blocks-gallery-item\"><figure><img loading=\"lazy\" decoding=\"async\" width=\"1024\" height=\"574\" src=\"https:\/\/julienserru.com\/wp-content\/uploads\/2020\/03\/habillage-video-VOTE-CAPT-ECRAN-Ounsa-1024x574.jpg\" alt=\"\" data-id=\"1892\" data-link=\"https:\/\/julienserru.com\/?attachment_id=1892\" class=\"wp-image-1892\" srcset=\"https:\/\/julienserru.com\/wp-content\/uploads\/2020\/03\/habillage-video-VOTE-CAPT-ECRAN-Ounsa-1024x574.jpg 1024w, https:\/\/julienserru.com\/wp-content\/uploads\/2020\/03\/habillage-video-VOTE-CAPT-ECRAN-Ounsa-300x168.jpg 300w, https:\/\/julienserru.com\/wp-content\/uploads\/2020\/03\/habillage-video-VOTE-CAPT-ECRAN-Ounsa-768x431.jpg 768w, https:\/\/julienserru.com\/wp-content\/uploads\/2020\/03\/habillage-video-VOTE-CAPT-ECRAN-Ounsa.jpg 1177w\" sizes=\"(max-width: 1024px) 100vw, 1024px\" \/><\/figure><\/li><\/ul>\n\n\n\n<p><strong>MONTAGE D&rsquo;UNE VID\u00c9O :<\/strong><\/p>\n\n\n\n<figure class=\"wp-block-embed-facebook wp-block-embed is-type-video is-provider-facebook\"><div class=\"wp-block-embed__wrapper\">\n<div id=\"fb-root\"><\/div><script async=\"1\" defer=\"1\" crossorigin=\"anonymous\" src=\"https:\/\/connect.facebook.net\/fr_FR\/sdk.js#xfbml=1&amp;version=v6.0\"><\/script><div class=\"fb-video\" data-href=\"https:\/\/www.facebook.com\/LePeupleDArcueil\/videos\/1354274741628149\/\" data-width=\"1170\"><blockquote cite=\"https:\/\/www.facebook.com\/LePeupleDArcueil\/videos\/1354274741628149\/\" class=\"fb-xfbml-parse-ignore\"><a href=\"https:\/\/www.facebook.com\/LePeupleDArcueil\/videos\/1354274741628149\/\">&quot;VOUS VOTEZ ?&quot;<\/a><p>&quot;VOUS VOTEZ ?&quot;La politique c&#039;est l&#039;affaire de toutes et tous, c&#039;est l&#039;affaire des Ounsa, des Franck, des Karim, des Christine, et de toutes les personnes qui depuis des ann\u00e9es subissent les d\u00e9cisions.#KarimBaouz #LePeupleDArcueil #ChoixN2 #VotezPourVous&quot;Le 15 mars, avec Karim Baouz, nous allons rendre Arcueil \u00e0 ses habitants. Nous avons besoin de chacun d&#039;entre vous.&quot;Nh\u00e9sitez pas \u00e0 partager, commenter liker.<\/p>Publi\u00e9e par <a href=\"https:\/\/www.facebook.com\/LePeupleDArcueil\/\">Le Peuple d&#039;Arcueil 2020<\/a> sur Vendredi 13 mars 2020<\/blockquote><\/div>\n<\/div><\/figure>\n","protected":false},"excerpt":{"rendered":"<p>Dans le cadre de la campagne de la listes citoyenne, j&rsquo;ai particip\u00e9 et pens\u00e9 : . le logo (id\u00e9e et r\u00e9alisation) . les concepts li\u00e9s \u00e0 une campagne politique (slogan, image de la liste citoyenne, &#8230;) . la strat\u00e9gie de communication . les \u00e9l\u00e9ments de communication (print et pour le community management) . la montage&hellip;<\/p>\n","protected":false},"author":1,"featured_media":0,"parent":0,"menu_order":0,"comment_status":"closed","ping_status":"closed","template":"","meta":{"om_disable_all_campaigns":false,"_monsterinsights_skip_tracking":false,"_monsterinsights_sitenote_active":false,"_monsterinsights_sitenote_note":"","_monsterinsights_sitenote_category":0,"_uf_show_specific_survey":0,"_uf_disable_surveys":false,"footnotes":""},"class_list":["post-1862","page","type-page","status-publish","hentry"],"aioseo_notices":[],"_links":{"self":[{"href":"https:\/\/julienserru.com\/index.php?rest_route=\/wp\/v2\/pages\/1862"}],"collection":[{"href":"https:\/\/julienserru.com\/index.php?rest_route=\/wp\/v2\/pages"}],"about":[{"href":"https:\/\/julienserru.com\/index.php?rest_route=\/wp\/v2\/types\/page"}],"author":[{"embeddable":true,"href":"https:\/\/julienserru.com\/index.php?rest_route=\/wp\/v2\/users\/1"}],"replies":[{"embeddable":true,"href":"https:\/\/julienserru.com\/index.php?rest_route=%2Fwp%2Fv2%2Fcomments&post=1862"}],"version-history":[{"count":18,"href":"https:\/\/julienserru.com\/index.php?rest_route=\/wp\/v2\/pages\/1862\/revisions"}],"predecessor-version":[{"id":1895,"href":"https:\/\/julienserru.com\/index.php?rest_route=\/wp\/v2\/pages\/1862\/revisions\/1895"}],"wp:attachment":[{"href":"https:\/\/julienserru.com\/index.php?rest_route=%2Fwp%2Fv2%2Fmedia&parent=1862"}],"curies":[{"name":"wp","href":"https:\/\/api.w.org\/{rel}","templated":true}]}}