{"id":254,"date":"2019-07-03T19:44:21","date_gmt":"2019-07-03T19:44:21","guid":{"rendered":"http:\/\/julienserru.com\/?page_id=254"},"modified":"2024-08-23T22:06:59","modified_gmt":"2024-08-23T22:06:59","slug":"dossiers-de-presse-c","status":"publish","type":"page","link":"https:\/\/julienserru.com\/?page_id=254","title":{"rendered":"Dossiers de presse \/ production"},"content":{"rendered":"\n<p><\/p>\n\n\n\n<p><strong>AU SUJET DES DOSSIERS DE PRESSE \/ DE PRODUCTION \/ DES BOOKS QUE JE CR\u00c9E<\/strong><\/p>\n\n\n\n<p class=\"has-small-font-size\"> Je les cr\u00e9e de A \u00e0 Z : \u00e9crits, retouches photos, interactions, mise en page, &#8230;  <\/p>\n\n\n\n<p class=\"has-small-font-size\">Chaque dossier est pens\u00e9 et v\u00e9ritablement adapt\u00e9 \u00e0 l&rsquo;artiste ou au projet (choix des \u00e9l\u00e9ments, mise en avant des points forts, &#8230;).<\/p>\n\n\n\n<p class=\"has-small-font-size\">Interactions en cliquant dessus : <\/p>\n\n\n\n<p class=\"has-small-font-size\">. des logos de r\u00e9seaux sociaux vers des r\u00e9seaux sociaux sur le net <\/p>\n\n\n\n<p class=\"has-small-font-size\">. les captures de vid\u00e9os vers les vid\u00e9os sur internet (youtube, &#8230;) &#8230;<\/p>\n\n\n\n<p class=\"has-small-font-size\">Compatibles : PC, Mac, Tablette, Smartphones, (application gratuite Adobe reader ou concurrent pour tablettes et smartphones) &#8230;<\/p>\n\n\n\n<p class=\"has-small-font-size\">Ils peuvent \u00eatre mis \u00e0 jour durant toute le d\u00e9veloppement du projet ou la carri\u00e8re de l&rsquo;artiste.<\/p>\n\n\n\n<p class=\"has-text-align-center has-medium-font-size\"><strong>DOSSIERS DE PRESSE<\/strong><\/p>\n\n\n\n<p><strong>Exemple de Dossier de presse d&rsquo;un \u00ab\u00a0One man show\u00a0\u00bb : <\/strong><\/p>\n\n\n\n<figure class=\"wp-block-gallery has-nested-images columns-4 is-cropped wp-block-gallery-1 is-layout-flex wp-block-gallery-is-layout-flex\">\n<figure class=\"wp-block-image\"><img loading=\"lazy\" decoding=\"async\" width=\"724\" height=\"1024\" data-id=\"1229\" src=\"https:\/\/julienserru.com\/wp-content\/uploads\/2019\/07\/01-24-724x1024.jpg\" alt=\"\" class=\"wp-image-1229\" srcset=\"https:\/\/julienserru.com\/wp-content\/uploads\/2019\/07\/01-24-724x1024.jpg 724w, https:\/\/julienserru.com\/wp-content\/uploads\/2019\/07\/01-24-212x300.jpg 212w, https:\/\/julienserru.com\/wp-content\/uploads\/2019\/07\/01-24-768x1086.jpg 768w, https:\/\/julienserru.com\/wp-content\/uploads\/2019\/07\/01-24.jpg 895w\" sizes=\"(max-width: 724px) 100vw, 724px\" \/><\/figure>\n\n\n\n<figure class=\"wp-block-image\"><img loading=\"lazy\" decoding=\"async\" width=\"724\" height=\"1024\" data-id=\"1230\" src=\"https:\/\/julienserru.com\/wp-content\/uploads\/2019\/07\/02-12-724x1024.jpg\" alt=\"\" class=\"wp-image-1230\" srcset=\"https:\/\/julienserru.com\/wp-content\/uploads\/2019\/07\/02-12-724x1024.jpg 724w, https:\/\/julienserru.com\/wp-content\/uploads\/2019\/07\/02-12-212x300.jpg 212w, https:\/\/julienserru.com\/wp-content\/uploads\/2019\/07\/02-12-768x1086.jpg 768w, https:\/\/julienserru.com\/wp-content\/uploads\/2019\/07\/02-12.jpg 895w\" sizes=\"(max-width: 724px) 100vw, 724px\" \/><\/figure>\n\n\n\n<figure class=\"wp-block-image\"><img loading=\"lazy\" decoding=\"async\" width=\"724\" height=\"1024\" data-id=\"1231\" src=\"https:\/\/julienserru.com\/wp-content\/uploads\/2019\/07\/03-21-724x1024.jpg\" alt=\"\" class=\"wp-image-1231\" srcset=\"https:\/\/julienserru.com\/wp-content\/uploads\/2019\/07\/03-21-724x1024.jpg 724w, https:\/\/julienserru.com\/wp-content\/uploads\/2019\/07\/03-21-212x300.jpg 212w, https:\/\/julienserru.com\/wp-content\/uploads\/2019\/07\/03-21-768x1086.jpg 768w, https:\/\/julienserru.com\/wp-content\/uploads\/2019\/07\/03-21.jpg 895w\" sizes=\"(max-width: 724px) 100vw, 724px\" \/><\/figure>\n\n\n\n<figure class=\"wp-block-image\"><img loading=\"lazy\" decoding=\"async\" width=\"724\" height=\"1024\" data-id=\"1232\" src=\"https:\/\/julienserru.com\/wp-content\/uploads\/2019\/07\/05-21-724x1024.jpg\" alt=\"\" class=\"wp-image-1232\" srcset=\"https:\/\/julienserru.com\/wp-content\/uploads\/2019\/07\/05-21-724x1024.jpg 724w, https:\/\/julienserru.com\/wp-content\/uploads\/2019\/07\/05-21-212x300.jpg 212w, https:\/\/julienserru.com\/wp-content\/uploads\/2019\/07\/05-21-768x1086.jpg 768w, https:\/\/julienserru.com\/wp-content\/uploads\/2019\/07\/05-21.jpg 895w\" sizes=\"(max-width: 724px) 100vw, 724px\" \/><\/figure>\n<\/figure>\n\n\n\n<p><strong>Exemple de dossier de presse d&rsquo;un acteur :<\/strong><\/p>\n\n\n\n<figure class=\"wp-block-gallery has-nested-images columns-4 is-cropped wp-block-gallery-2 is-layout-flex wp-block-gallery-is-layout-flex\">\n<figure class=\"wp-block-image\"><img loading=\"lazy\" decoding=\"async\" width=\"724\" height=\"1024\" data-id=\"1715\" src=\"https:\/\/julienserru.com\/wp-content\/uploads\/2019\/09\/01-normal-1-724x1024.jpg\" alt=\"\" class=\"wp-image-1715\" srcset=\"https:\/\/julienserru.com\/wp-content\/uploads\/2019\/09\/01-normal-1-724x1024.jpg 724w, https:\/\/julienserru.com\/wp-content\/uploads\/2019\/09\/01-normal-1-212x300.jpg 212w, https:\/\/julienserru.com\/wp-content\/uploads\/2019\/09\/01-normal-1-768x1086.jpg 768w, https:\/\/julienserru.com\/wp-content\/uploads\/2019\/09\/01-normal-1.jpg 1195w\" sizes=\"(max-width: 724px) 100vw, 724px\" \/><\/figure>\n\n\n\n<figure class=\"wp-block-image\"><img loading=\"lazy\" decoding=\"async\" width=\"724\" height=\"1024\" data-id=\"1716\" src=\"https:\/\/julienserru.com\/wp-content\/uploads\/2019\/09\/02-1-724x1024.jpg\" alt=\"\" class=\"wp-image-1716\" srcset=\"https:\/\/julienserru.com\/wp-content\/uploads\/2019\/09\/02-1-724x1024.jpg 724w, https:\/\/julienserru.com\/wp-content\/uploads\/2019\/09\/02-1-212x300.jpg 212w, https:\/\/julienserru.com\/wp-content\/uploads\/2019\/09\/02-1-768x1086.jpg 768w, https:\/\/julienserru.com\/wp-content\/uploads\/2019\/09\/02-1.jpg 1195w\" sizes=\"(max-width: 724px) 100vw, 724px\" \/><\/figure>\n\n\n\n<figure class=\"wp-block-image\"><img loading=\"lazy\" decoding=\"async\" width=\"724\" height=\"1024\" data-id=\"1717\" src=\"https:\/\/julienserru.com\/wp-content\/uploads\/2019\/09\/07-1-724x1024.jpg\" alt=\"\" class=\"wp-image-1717\" srcset=\"https:\/\/julienserru.com\/wp-content\/uploads\/2019\/09\/07-1-724x1024.jpg 724w, https:\/\/julienserru.com\/wp-content\/uploads\/2019\/09\/07-1-212x300.jpg 212w, https:\/\/julienserru.com\/wp-content\/uploads\/2019\/09\/07-1-768x1086.jpg 768w, https:\/\/julienserru.com\/wp-content\/uploads\/2019\/09\/07-1.jpg 1195w\" sizes=\"(max-width: 724px) 100vw, 724px\" \/><\/figure>\n\n\n\n<figure class=\"wp-block-image\"><img loading=\"lazy\" decoding=\"async\" width=\"724\" height=\"1024\" data-id=\"1718\" src=\"https:\/\/julienserru.com\/wp-content\/uploads\/2019\/09\/08-1-724x1024.jpg\" alt=\"\" class=\"wp-image-1718\" srcset=\"https:\/\/julienserru.com\/wp-content\/uploads\/2019\/09\/08-1-724x1024.jpg 724w, https:\/\/julienserru.com\/wp-content\/uploads\/2019\/09\/08-1-212x300.jpg 212w, https:\/\/julienserru.com\/wp-content\/uploads\/2019\/09\/08-1-768x1086.jpg 768w, https:\/\/julienserru.com\/wp-content\/uploads\/2019\/09\/08-1.jpg 1195w\" sizes=\"(max-width: 724px) 100vw, 724px\" \/><\/figure>\n<\/figure>\n\n\n\n<div class=\"wp-block-file\"><a id=\"wp-block-file--media-d6500bd2-d5ed-4ece-8f65-899b8540da68\" href=\"http:\/\/julienserru.com\/wp-content\/uploads\/2019\/09\/Yann-LERAT-Presentation-1.pdf\">Pour t\u00e9l\u00e9charger la version PDF interactive :<\/a><a href=\"http:\/\/julienserru.com\/wp-content\/uploads\/2019\/09\/Yann-LERAT-Presentation-1.pdf\" class=\"wp-block-file__button wp-element-button\" download aria-describedby=\"wp-block-file--media-d6500bd2-d5ed-4ece-8f65-899b8540da68\">Cliquez ici<\/a><\/div>\n\n\n\n<p class=\"has-text-align-center has-medium-font-size\"><strong>DOSSIERS DE PRODUCTION<\/strong><\/p>\n\n\n\n<h2 class=\"wp-block-heading has-small-font-size\"><strong>Extraits du Dossier de production d&rsquo;un long m\u00e9trage : <\/strong><\/h2>\n\n\n\n<figure class=\"wp-block-gallery has-nested-images columns-4 is-cropped wp-block-gallery-3 is-layout-flex wp-block-gallery-is-layout-flex\">\n<figure class=\"wp-block-image\"><img loading=\"lazy\" decoding=\"async\" width=\"724\" height=\"1024\" data-id=\"456\" src=\"https:\/\/julienserru.com\/wp-content\/uploads\/2019\/07\/Salauds-de-Pauvres-dossier-de-presse-2-1-724x1024.jpg\" alt=\"\" class=\"wp-image-456\" srcset=\"https:\/\/julienserru.com\/wp-content\/uploads\/2019\/07\/Salauds-de-Pauvres-dossier-de-presse-2-1-724x1024.jpg 724w, https:\/\/julienserru.com\/wp-content\/uploads\/2019\/07\/Salauds-de-Pauvres-dossier-de-presse-2-1-212x300.jpg 212w, https:\/\/julienserru.com\/wp-content\/uploads\/2019\/07\/Salauds-de-Pauvres-dossier-de-presse-2-1-768x1086.jpg 768w, https:\/\/julienserru.com\/wp-content\/uploads\/2019\/07\/Salauds-de-Pauvres-dossier-de-presse-2-1.jpg 995w\" sizes=\"(max-width: 724px) 100vw, 724px\" \/><\/figure>\n\n\n\n<figure class=\"wp-block-image\"><img loading=\"lazy\" decoding=\"async\" width=\"724\" height=\"1024\" data-id=\"457\" src=\"https:\/\/julienserru.com\/wp-content\/uploads\/2019\/07\/Salauds-de-Pauvres-dossier-de-presse-4-1-724x1024.jpg\" alt=\"\" class=\"wp-image-457\" srcset=\"https:\/\/julienserru.com\/wp-content\/uploads\/2019\/07\/Salauds-de-Pauvres-dossier-de-presse-4-1-724x1024.jpg 724w, https:\/\/julienserru.com\/wp-content\/uploads\/2019\/07\/Salauds-de-Pauvres-dossier-de-presse-4-1-212x300.jpg 212w, https:\/\/julienserru.com\/wp-content\/uploads\/2019\/07\/Salauds-de-Pauvres-dossier-de-presse-4-1-768x1086.jpg 768w, https:\/\/julienserru.com\/wp-content\/uploads\/2019\/07\/Salauds-de-Pauvres-dossier-de-presse-4-1.jpg 995w\" sizes=\"(max-width: 724px) 100vw, 724px\" \/><\/figure>\n\n\n\n<figure class=\"wp-block-image\"><img loading=\"lazy\" decoding=\"async\" width=\"724\" height=\"1024\" data-id=\"459\" src=\"https:\/\/julienserru.com\/wp-content\/uploads\/2019\/07\/Salauds-de-Pauvres-dossier-de-presse-7-1-724x1024.jpg\" alt=\"\" class=\"wp-image-459\" srcset=\"https:\/\/julienserru.com\/wp-content\/uploads\/2019\/07\/Salauds-de-Pauvres-dossier-de-presse-7-1-724x1024.jpg 724w, https:\/\/julienserru.com\/wp-content\/uploads\/2019\/07\/Salauds-de-Pauvres-dossier-de-presse-7-1-212x300.jpg 212w, https:\/\/julienserru.com\/wp-content\/uploads\/2019\/07\/Salauds-de-Pauvres-dossier-de-presse-7-1-768x1086.jpg 768w, https:\/\/julienserru.com\/wp-content\/uploads\/2019\/07\/Salauds-de-Pauvres-dossier-de-presse-7-1.jpg 995w\" sizes=\"(max-width: 724px) 100vw, 724px\" \/><\/figure>\n\n\n\n<figure class=\"wp-block-image\"><img loading=\"lazy\" decoding=\"async\" width=\"724\" height=\"1024\" data-id=\"461\" src=\"https:\/\/julienserru.com\/wp-content\/uploads\/2019\/07\/Salauds-de-Pauvres-dossier-de-presse-10-copie-1-724x1024.jpg\" alt=\"\" class=\"wp-image-461\" srcset=\"https:\/\/julienserru.com\/wp-content\/uploads\/2019\/07\/Salauds-de-Pauvres-dossier-de-presse-10-copie-1-724x1024.jpg 724w, https:\/\/julienserru.com\/wp-content\/uploads\/2019\/07\/Salauds-de-Pauvres-dossier-de-presse-10-copie-1-212x300.jpg 212w, https:\/\/julienserru.com\/wp-content\/uploads\/2019\/07\/Salauds-de-Pauvres-dossier-de-presse-10-copie-1-768x1086.jpg 768w, https:\/\/julienserru.com\/wp-content\/uploads\/2019\/07\/Salauds-de-Pauvres-dossier-de-presse-10-copie-1.jpg 995w\" sizes=\"(max-width: 724px) 100vw, 724px\" \/><\/figure>\n<\/figure>\n\n\n\n<h2 class=\"wp-block-heading has-small-font-size\"><strong>Communiqu\u00e9s de presse d&rsquo;un long m\u00e9trage : <\/strong><\/h2>\n\n\n\n<figure class=\"wp-block-gallery has-nested-images columns-default is-cropped wp-block-gallery-4 is-layout-flex wp-block-gallery-is-layout-flex\">\n<figure class=\"wp-block-image size-large\"><img loading=\"lazy\" decoding=\"async\" width=\"724\" height=\"1024\" data-id=\"2350\" src=\"https:\/\/julienserru.com\/wp-content\/uploads\/2024\/08\/CDP-Virtual-Revolution-40-prix-dans-le-monde-724x1024.jpg\" alt=\"\" class=\"wp-image-2350\" srcset=\"https:\/\/julienserru.com\/wp-content\/uploads\/2024\/08\/CDP-Virtual-Revolution-40-prix-dans-le-monde-724x1024.jpg 724w, https:\/\/julienserru.com\/wp-content\/uploads\/2024\/08\/CDP-Virtual-Revolution-40-prix-dans-le-monde-212x300.jpg 212w, https:\/\/julienserru.com\/wp-content\/uploads\/2024\/08\/CDP-Virtual-Revolution-40-prix-dans-le-monde-768x1086.jpg 768w, https:\/\/julienserru.com\/wp-content\/uploads\/2024\/08\/CDP-Virtual-Revolution-40-prix-dans-le-monde-1086x1536.jpg 1086w, https:\/\/julienserru.com\/wp-content\/uploads\/2024\/08\/CDP-Virtual-Revolution-40-prix-dans-le-monde.jpg 1195w\" sizes=\"(max-width: 724px) 100vw, 724px\" \/><\/figure>\n\n\n\n<figure class=\"wp-block-image size-large\"><img loading=\"lazy\" decoding=\"async\" width=\"724\" height=\"1024\" data-id=\"2349\" src=\"https:\/\/julienserru.com\/wp-content\/uploads\/2024\/08\/CDP-Virtual-Revolution-Succes-a-sa-sortie-en-salles-copie-724x1024.jpg\" alt=\"\" class=\"wp-image-2349\" srcset=\"https:\/\/julienserru.com\/wp-content\/uploads\/2024\/08\/CDP-Virtual-Revolution-Succes-a-sa-sortie-en-salles-copie-724x1024.jpg 724w, https:\/\/julienserru.com\/wp-content\/uploads\/2024\/08\/CDP-Virtual-Revolution-Succes-a-sa-sortie-en-salles-copie-212x300.jpg 212w, https:\/\/julienserru.com\/wp-content\/uploads\/2024\/08\/CDP-Virtual-Revolution-Succes-a-sa-sortie-en-salles-copie-768x1086.jpg 768w, https:\/\/julienserru.com\/wp-content\/uploads\/2024\/08\/CDP-Virtual-Revolution-Succes-a-sa-sortie-en-salles-copie-1086x1536.jpg 1086w, https:\/\/julienserru.com\/wp-content\/uploads\/2024\/08\/CDP-Virtual-Revolution-Succes-a-sa-sortie-en-salles-copie.jpg 1195w\" sizes=\"(max-width: 724px) 100vw, 724px\" \/><\/figure>\n<\/figure>\n\n\n\n<p class=\"has-text-align-center has-medium-font-size\"><strong>BOOKS<\/strong><\/p>\n\n\n\n<p><strong>Extraits du book d&rsquo;une actrice \/ humoriste sur le net  : <\/strong><\/p>\n\n\n\n<figure class=\"wp-block-gallery has-nested-images columns-4 is-cropped wp-block-gallery-5 is-layout-flex wp-block-gallery-is-layout-flex\">\n<figure class=\"wp-block-image size-large\"><img loading=\"lazy\" decoding=\"async\" width=\"724\" height=\"1024\" data-id=\"2360\" src=\"https:\/\/julienserru.com\/wp-content\/uploads\/2024\/08\/1-724x1024.jpg\" alt=\"\" class=\"wp-image-2360\" srcset=\"https:\/\/julienserru.com\/wp-content\/uploads\/2024\/08\/1-724x1024.jpg 724w, https:\/\/julienserru.com\/wp-content\/uploads\/2024\/08\/1-212x300.jpg 212w, https:\/\/julienserru.com\/wp-content\/uploads\/2024\/08\/1-768x1086.jpg 768w, https:\/\/julienserru.com\/wp-content\/uploads\/2024\/08\/1.jpg 895w\" sizes=\"(max-width: 724px) 100vw, 724px\" \/><\/figure>\n\n\n\n<figure class=\"wp-block-image size-large\"><img loading=\"lazy\" decoding=\"async\" width=\"724\" height=\"1024\" data-id=\"2358\" src=\"https:\/\/julienserru.com\/wp-content\/uploads\/2024\/08\/biographie-copie-724x1024.jpg\" alt=\"\" class=\"wp-image-2358\" srcset=\"https:\/\/julienserru.com\/wp-content\/uploads\/2024\/08\/biographie-copie-724x1024.jpg 724w, https:\/\/julienserru.com\/wp-content\/uploads\/2024\/08\/biographie-copie-212x300.jpg 212w, https:\/\/julienserru.com\/wp-content\/uploads\/2024\/08\/biographie-copie-768x1086.jpg 768w, https:\/\/julienserru.com\/wp-content\/uploads\/2024\/08\/biographie-copie-1086x1536.jpg 1086w, https:\/\/julienserru.com\/wp-content\/uploads\/2024\/08\/biographie-copie-1448x2048.jpg 1448w, https:\/\/julienserru.com\/wp-content\/uploads\/2024\/08\/biographie-copie-scaled.jpg 1810w\" sizes=\"(max-width: 724px) 100vw, 724px\" \/><\/figure>\n\n\n\n<figure class=\"wp-block-image size-large\"><img loading=\"lazy\" decoding=\"async\" width=\"724\" height=\"1024\" data-id=\"2357\" src=\"https:\/\/julienserru.com\/wp-content\/uploads\/2024\/08\/cv-atistique-ANCIEN-724x1024.jpg\" alt=\"\" class=\"wp-image-2357\" srcset=\"https:\/\/julienserru.com\/wp-content\/uploads\/2024\/08\/cv-atistique-ANCIEN-724x1024.jpg 724w, https:\/\/julienserru.com\/wp-content\/uploads\/2024\/08\/cv-atistique-ANCIEN-212x300.jpg 212w, https:\/\/julienserru.com\/wp-content\/uploads\/2024\/08\/cv-atistique-ANCIEN-768x1086.jpg 768w, https:\/\/julienserru.com\/wp-content\/uploads\/2024\/08\/cv-atistique-ANCIEN-1086x1536.jpg 1086w, https:\/\/julienserru.com\/wp-content\/uploads\/2024\/08\/cv-atistique-ANCIEN-1448x2048.jpg 1448w, https:\/\/julienserru.com\/wp-content\/uploads\/2024\/08\/cv-atistique-ANCIEN-scaled.jpg 1810w\" sizes=\"(max-width: 724px) 100vw, 724px\" \/><\/figure>\n\n\n\n<figure class=\"wp-block-image size-large\"><img loading=\"lazy\" decoding=\"async\" width=\"678\" height=\"1024\" data-id=\"2359\" src=\"https:\/\/julienserru.com\/wp-content\/uploads\/2024\/08\/portrait-copie-678x1024.jpg\" alt=\"\" class=\"wp-image-2359\" srcset=\"https:\/\/julienserru.com\/wp-content\/uploads\/2024\/08\/portrait-copie-678x1024.jpg 678w, https:\/\/julienserru.com\/wp-content\/uploads\/2024\/08\/portrait-copie-199x300.jpg 199w, https:\/\/julienserru.com\/wp-content\/uploads\/2024\/08\/portrait-copie-768x1159.jpg 768w, https:\/\/julienserru.com\/wp-content\/uploads\/2024\/08\/portrait-copie-1017x1536.jpg 1017w, https:\/\/julienserru.com\/wp-content\/uploads\/2024\/08\/portrait-copie-1357x2048.jpg 1357w, https:\/\/julienserru.com\/wp-content\/uploads\/2024\/08\/portrait-copie-scaled.jpg 1696w\" sizes=\"(max-width: 678px) 100vw, 678px\" \/><\/figure>\n<\/figure>\n\n\n\n<p class=\"has-small-font-size\"><strong>Demande de devis<\/strong> <strong>: julien.serru@gmail.com ou +33 (0)6 62 49 27 25<\/strong><\/p>\n\n\n\n<p><strong>Publicit\u00e9 2017 pour la cr\u00e9ation de dossiers de presse :<\/strong><\/p>\n\n\n\n<figure class=\"wp-block-embed is-type-video is-provider-facebook wp-block-embed-facebook\"><div class=\"wp-block-embed__wrapper\">\nhttps:\/\/www.facebook.com\/eagleoffanpage\/videos\/804135066417439\/\n<\/div><\/figure>\n","protected":false},"excerpt":{"rendered":"<p>AU SUJET DES DOSSIERS DE PRESSE \/ DE PRODUCTION \/ DES BOOKS QUE JE CR\u00c9E Je les cr\u00e9e de A \u00e0 Z : \u00e9crits, retouches photos, interactions, mise en page, &#8230; Chaque dossier est pens\u00e9 et v\u00e9ritablement adapt\u00e9 \u00e0 l&rsquo;artiste ou au projet (choix des \u00e9l\u00e9ments, mise en avant des points forts, &#8230;). Interactions en&hellip;<\/p>\n","protected":false},"author":1,"featured_media":0,"parent":0,"menu_order":0,"comment_status":"closed","ping_status":"closed","template":"","meta":{"om_disable_all_campaigns":false,"_monsterinsights_skip_tracking":false,"_monsterinsights_sitenote_active":false,"_monsterinsights_sitenote_note":"","_monsterinsights_sitenote_category":0,"_uf_show_specific_survey":0,"_uf_disable_surveys":false,"footnotes":""},"class_list":["post-254","page","type-page","status-publish","hentry"],"aioseo_notices":[],"_links":{"self":[{"href":"https:\/\/julienserru.com\/index.php?rest_route=\/wp\/v2\/pages\/254"}],"collection":[{"href":"https:\/\/julienserru.com\/index.php?rest_route=\/wp\/v2\/pages"}],"about":[{"href":"https:\/\/julienserru.com\/index.php?rest_route=\/wp\/v2\/types\/page"}],"author":[{"embeddable":true,"href":"https:\/\/julienserru.com\/index.php?rest_route=\/wp\/v2\/users\/1"}],"replies":[{"embeddable":true,"href":"https:\/\/julienserru.com\/index.php?rest_route=%2Fwp%2Fv2%2Fcomments&post=254"}],"version-history":[{"count":61,"href":"https:\/\/julienserru.com\/index.php?rest_route=\/wp\/v2\/pages\/254\/revisions"}],"predecessor-version":[{"id":2361,"href":"https:\/\/julienserru.com\/index.php?rest_route=\/wp\/v2\/pages\/254\/revisions\/2361"}],"wp:attachment":[{"href":"https:\/\/julienserru.com\/index.php?rest_route=%2Fwp%2Fv2%2Fmedia&parent=254"}],"curies":[{"name":"wp","href":"https:\/\/api.w.org\/{rel}","templated":true}]}}