{"id":260,"date":"2019-07-03T19:47:21","date_gmt":"2019-07-03T19:47:21","guid":{"rendered":"http:\/\/julienserru.com\/?page_id=260"},"modified":"2024-08-02T14:35:29","modified_gmt":"2024-08-02T14:35:29","slug":"presentation","status":"publish","type":"page","link":"https:\/\/julienserru.com\/","title":{"rendered":"PR\u00c9SENTATION"},"content":{"rendered":"\n<div class=\"wp-block-columns is-layout-flex wp-container-core-columns-is-layout-1 wp-block-columns-is-layout-flex\">\n<div class=\"wp-block-column is-layout-flow wp-block-column-is-layout-flow\" style=\"flex-basis:25%\"><\/div>\n\n\n\n<div class=\"wp-block-column is-layout-flow wp-block-column-is-layout-flow\" style=\"flex-basis:50%\">\n<figure class=\"wp-block-image size-large\"><img loading=\"lazy\" decoding=\"async\" width=\"1024\" height=\"833\" src=\"https:\/\/julienserru.com\/wp-content\/uploads\/2024\/08\/anniversaire-15-ans-SOCIETE-site-internet-BANNIERE-2-1024x833.jpg\" alt=\"\" class=\"wp-image-2237\" srcset=\"https:\/\/julienserru.com\/wp-content\/uploads\/2024\/08\/anniversaire-15-ans-SOCIETE-site-internet-BANNIERE-2-1024x833.jpg 1024w, https:\/\/julienserru.com\/wp-content\/uploads\/2024\/08\/anniversaire-15-ans-SOCIETE-site-internet-BANNIERE-2-300x244.jpg 300w, https:\/\/julienserru.com\/wp-content\/uploads\/2024\/08\/anniversaire-15-ans-SOCIETE-site-internet-BANNIERE-2-768x625.jpg 768w, https:\/\/julienserru.com\/wp-content\/uploads\/2024\/08\/anniversaire-15-ans-SOCIETE-site-internet-BANNIERE-2-1536x1250.jpg 1536w, https:\/\/julienserru.com\/wp-content\/uploads\/2024\/08\/anniversaire-15-ans-SOCIETE-site-internet-BANNIERE-2.jpg 1843w\" sizes=\"(max-width: 1024px) 100vw, 1024px\" \/><\/figure>\n<\/div>\n\n\n\n<div class=\"wp-block-column is-layout-flow wp-block-column-is-layout-flow\" style=\"flex-basis:25%\"><\/div>\n<\/div>\n\n\n\n<div class=\"wp-block-columns is-layout-flex wp-container-core-columns-is-layout-2 wp-block-columns-is-layout-flex\">\n<div class=\"wp-block-column is-layout-flow wp-block-column-is-layout-flow\">\n<p> <p><strong>Dossiers de presse, de production, de partenariat<\/strong> (r\u00e9daction, mise en page, infographie, interactions&#8230;.)<\/p>   <p><strong>Relations Presse<\/strong> (strat\u00e9gie, contacts m\u00e9dias, obtentions d&rsquo;articles, d&rsquo;interviews, de \u00ab\u00a0live\u00a0\u00bb, n\u00e9gociations publicitaires avec des m\u00e9dias &#8230;)<\/p>   <p><strong>Communication<\/strong> (strat\u00e9gie de communication, mise en relations avec des partenaires, n\u00e9gociations publicitaires, cr\u00e9ation de contenus&#8230;)<\/p> <\/p>\n<\/div>\n\n\n\n<div class=\"wp-block-column is-layout-flow wp-block-column-is-layout-flow\">\n<figure class=\"wp-block-image size-large\"><img loading=\"lazy\" decoding=\"async\" width=\"1024\" height=\"1024\" src=\"https:\/\/julienserru.com\/wp-content\/uploads\/2024\/08\/GQ5C8470_HDR_edit-carre-copie-1-1024x1024.jpg\" alt=\"\" class=\"wp-image-2244\" srcset=\"https:\/\/julienserru.com\/wp-content\/uploads\/2024\/08\/GQ5C8470_HDR_edit-carre-copie-1-1024x1024.jpg 1024w, https:\/\/julienserru.com\/wp-content\/uploads\/2024\/08\/GQ5C8470_HDR_edit-carre-copie-1-300x300.jpg 300w, https:\/\/julienserru.com\/wp-content\/uploads\/2024\/08\/GQ5C8470_HDR_edit-carre-copie-1-150x150.jpg 150w, https:\/\/julienserru.com\/wp-content\/uploads\/2024\/08\/GQ5C8470_HDR_edit-carre-copie-1-768x768.jpg 768w, https:\/\/julienserru.com\/wp-content\/uploads\/2024\/08\/GQ5C8470_HDR_edit-carre-copie-1-1536x1536.jpg 1536w, https:\/\/julienserru.com\/wp-content\/uploads\/2024\/08\/GQ5C8470_HDR_edit-carre-copie-1-2048x2048.jpg 2048w\" sizes=\"(max-width: 1024px) 100vw, 1024px\" \/><\/figure>\n<\/div>\n<\/div>\n\n\n\n<p><\/p>\n","protected":false},"excerpt":{"rendered":"<p>Dossiers de presse, de production, de partenariat (r\u00e9daction, mise en page, infographie, interactions&#8230;.) Relations Presse (strat\u00e9gie, contacts m\u00e9dias, obtentions d&rsquo;articles, d&rsquo;interviews, de \u00ab\u00a0live\u00a0\u00bb, n\u00e9gociations publicitaires avec des m\u00e9dias &#8230;) Communication (strat\u00e9gie de communication, mise en relations avec des partenaires, n\u00e9gociations publicitaires, cr\u00e9ation de contenus&#8230;)<\/p>\n","protected":false},"author":1,"featured_media":0,"parent":0,"menu_order":0,"comment_status":"closed","ping_status":"closed","template":"","meta":{"om_disable_all_campaigns":false,"_monsterinsights_skip_tracking":false,"_monsterinsights_sitenote_active":false,"_monsterinsights_sitenote_note":"","_monsterinsights_sitenote_category":0,"_uf_show_specific_survey":0,"_uf_disable_surveys":false,"footnotes":""},"class_list":["post-260","page","type-page","status-publish","hentry"],"aioseo_notices":[],"_links":{"self":[{"href":"https:\/\/julienserru.com\/index.php?rest_route=\/wp\/v2\/pages\/260"}],"collection":[{"href":"https:\/\/julienserru.com\/index.php?rest_route=\/wp\/v2\/pages"}],"about":[{"href":"https:\/\/julienserru.com\/index.php?rest_route=\/wp\/v2\/types\/page"}],"author":[{"embeddable":true,"href":"https:\/\/julienserru.com\/index.php?rest_route=\/wp\/v2\/users\/1"}],"replies":[{"embeddable":true,"href":"https:\/\/julienserru.com\/index.php?rest_route=%2Fwp%2Fv2%2Fcomments&post=260"}],"version-history":[{"count":36,"href":"https:\/\/julienserru.com\/index.php?rest_route=\/wp\/v2\/pages\/260\/revisions"}],"predecessor-version":[{"id":2245,"href":"https:\/\/julienserru.com\/index.php?rest_route=\/wp\/v2\/pages\/260\/revisions\/2245"}],"wp:attachment":[{"href":"https:\/\/julienserru.com\/index.php?rest_route=%2Fwp%2Fv2%2Fmedia&parent=260"}],"curies":[{"name":"wp","href":"https:\/\/api.w.org\/{rel}","templated":true}]}}