{"id":329,"date":"2019-07-03T22:27:41","date_gmt":"2019-07-03T22:27:41","guid":{"rendered":"http:\/\/julienserru.com\/?page_id=329"},"modified":"2022-06-04T11:50:51","modified_gmt":"2022-06-04T11:50:51","slug":"relations-presse-i","status":"publish","type":"page","link":"https:\/\/julienserru.com\/?page_id=329","title":{"rendered":"Relations presse"},"content":{"rendered":"\n<p class=\"has-small-font-size\"> <strong>M\u00e9thode : <\/strong>Utilisation d&rsquo;un carnet de contacts m\u00e9dias et journalistes et d&rsquo;une strat\u00e9gie adapt\u00e9e afin d&rsquo;obtenir de nombreuses interviews et articles et de rechercher des partenariats presse.<\/p>\n\n\n\n<p class=\"has-small-font-size\"><strong>Contacts : <\/strong>+7500 contacts en France, des milliers \u00e0 l&rsquo;\u00e9tranger Des plus gros m\u00e9dias nationaux en France ( TF1, France T\u00e9l\u00e9visions, l&rsquo;AFP, Canal +, Arte,,D8, W9, &#8230; ) en passant par les journalistes de la presse \u00e9crite (les Inrocks, A nous, l&rsquo;Obs, Telerama, Le Parisien, Le Figaro, Elle, GQ, &#8230; ) par les radios (r\u00e9seau des radios du groupe Radio France, NRJ, Fun Radio, Skyrock, &#8230;) aux plus petits. <\/p>\n\n\n\n<p class=\"has-small-font-size\"><strong>ENTRA\u00ceNEMENTS\nAUX INTERVIEWS<\/strong>\n:\nA partir d&rsquo;une m\u00e9thodologie efficace, j&rsquo;entra\u00eene des clients \u00e0\n\u00eatre performants en interview.\n\n<\/p>\n\n\n\n<p class=\"has-small-font-size\"><strong>Tarifs et demandes de devis : julien.serru@gmail.com ou +33 (0)6 62 49 27 25<\/strong><\/p>\n\n\n\n<p><strong>EXEMPLE DE REVUE DE PRESSE, AHMAD JOUDEH :<\/strong><\/p>\n\n\n\n<p>Nombreux articles en France et dans le Monde : New York Times, BBC, CNN, Courrier international, NDTV, TMC (Quotidien), Le Point, Le Figaro, RFI, France Info, BFM TV &#8230;<\/p>\n\n\n\n<p><strong>EXEMPLE DE RELATIONS PRESSE : LES ECHOS DE LA M\u00c9MOIRE, PROJET FINANC\u00c9 PAR LE S\u00c9NAT<\/strong><\/p>\n\n\n\n<ul class=\"wp-block-gallery columns-4 is-cropped wp-block-gallery-1 is-layout-flex wp-block-gallery-is-layout-flex\"><li class=\"blocks-gallery-item\"><figure><img loading=\"lazy\" decoding=\"async\" width=\"724\" height=\"1024\" src=\"http:\/\/julienserru.com\/wp-content\/uploads\/2019\/07\/04-2-724x1024.jpg\" alt=\"\" data-id=\"644\" data-link=\"http:\/\/julienserru.com\/?attachment_id=644\" class=\"wp-image-644\" srcset=\"https:\/\/julienserru.com\/wp-content\/uploads\/2019\/07\/04-2-724x1024.jpg 724w, https:\/\/julienserru.com\/wp-content\/uploads\/2019\/07\/04-2-212x300.jpg 212w, https:\/\/julienserru.com\/wp-content\/uploads\/2019\/07\/04-2-768x1086.jpg 768w, https:\/\/julienserru.com\/wp-content\/uploads\/2019\/07\/04-2.jpg 1095w\" sizes=\"(max-width: 724px) 100vw, 724px\" \/><\/figure><\/li><li class=\"blocks-gallery-item\"><figure><img loading=\"lazy\" decoding=\"async\" width=\"724\" height=\"1024\" src=\"http:\/\/julienserru.com\/wp-content\/uploads\/2019\/07\/62-1-724x1024.jpg\" alt=\"\" data-id=\"1369\" data-link=\"http:\/\/julienserru.com\/?attachment_id=1369\" class=\"wp-image-1369\" srcset=\"https:\/\/julienserru.com\/wp-content\/uploads\/2019\/07\/62-1-724x1024.jpg 724w, https:\/\/julienserru.com\/wp-content\/uploads\/2019\/07\/62-1-212x300.jpg 212w, https:\/\/julienserru.com\/wp-content\/uploads\/2019\/07\/62-1-768x1086.jpg 768w, https:\/\/julienserru.com\/wp-content\/uploads\/2019\/07\/62-1.jpg 1095w\" sizes=\"(max-width: 724px) 100vw, 724px\" \/><\/figure><\/li><li class=\"blocks-gallery-item\"><figure><img loading=\"lazy\" decoding=\"async\" width=\"724\" height=\"1024\" src=\"http:\/\/julienserru.com\/wp-content\/uploads\/2019\/07\/70-1-724x1024.jpg\" alt=\"\" data-id=\"1370\" data-link=\"http:\/\/julienserru.com\/?attachment_id=1370\" class=\"wp-image-1370\" srcset=\"https:\/\/julienserru.com\/wp-content\/uploads\/2019\/07\/70-1-724x1024.jpg 724w, https:\/\/julienserru.com\/wp-content\/uploads\/2019\/07\/70-1-212x300.jpg 212w, https:\/\/julienserru.com\/wp-content\/uploads\/2019\/07\/70-1-768x1086.jpg 768w, https:\/\/julienserru.com\/wp-content\/uploads\/2019\/07\/70-1.jpg 1095w\" sizes=\"(max-width: 724px) 100vw, 724px\" \/><\/figure><\/li><li class=\"blocks-gallery-item\"><figure><img loading=\"lazy\" decoding=\"async\" width=\"724\" height=\"1024\" src=\"http:\/\/julienserru.com\/wp-content\/uploads\/2019\/07\/80-a-1-724x1024.jpg\" alt=\"\" data-id=\"1371\" data-link=\"http:\/\/julienserru.com\/?attachment_id=1371\" class=\"wp-image-1371\" srcset=\"https:\/\/julienserru.com\/wp-content\/uploads\/2019\/07\/80-a-1-724x1024.jpg 724w, https:\/\/julienserru.com\/wp-content\/uploads\/2019\/07\/80-a-1-212x300.jpg 212w, https:\/\/julienserru.com\/wp-content\/uploads\/2019\/07\/80-a-1-768x1086.jpg 768w, https:\/\/julienserru.com\/wp-content\/uploads\/2019\/07\/80-a-1.jpg 1095w\" sizes=\"(max-width: 724px) 100vw, 724px\" \/><\/figure><\/li><\/ul>\n\n\n\n<p class=\"has-small-font-size\">( copyright 2013 )<\/p>\n\n\n\n<p class=\"has-small-font-size\"><strong>2013 Janvier \/ Juin (fin de la mission)<\/strong><\/p>\n\n\n\n<p class=\"has-small-font-size\"><strong>CHARG\u00c9 DE COMMUNICATION \/ ATTACH\u00c9 DE PRESSE&nbsp;<\/strong>(contrat de travailleur ind\u00e9pendant),&nbsp;<strong>Exposition \u201cLes Echos de la M\u00e9moire\u201d de Luc Saint-Eloy (le client), lors de la Journ\u00e9e de la Comm\u00e9moration de l\u2019Abolition de l\u2019Esclavage en pr\u00e9sence de M. Fran\u00e7ois Hollande (\u00e9galement des autres dates d\u2019exposition)<\/strong><\/p>\n\n\n\n<p class=\"has-small-font-size\">dossier de presse, communiqu\u00e9s de presse, relations presse, conseils en communication \u2013 articles et interviews obtenus : Le Monde, Le Figaro, Orange actualit\u00e9s, Free actualit\u00e9s, Le Parisien, Public S\u00e9nat, France T\u00e9l\u00e9visions, France-Antilles, Le Parisien, L\u2019Est R\u00e9publicain,\u00a0 &#8230;<\/p>\n\n\n\n<p class=\"has-small-font-size\"><strong>J&rsquo;ai \u00e9t\u00e9 recontact\u00e9 pour les autres \u00e9ditions de l&rsquo;exposition.<\/strong><\/p>\n\n\n\n<ul class=\"wp-block-gallery columns-3 is-cropped wp-block-gallery-2 is-layout-flex wp-block-gallery-is-layout-flex\"><li class=\"blocks-gallery-item\"><figure><img loading=\"lazy\" decoding=\"async\" width=\"864\" height=\"486\" src=\"http:\/\/julienserru.com\/wp-content\/uploads\/2019\/07\/DSC_0480.jpg\" alt=\"\" data-id=\"715\" data-link=\"http:\/\/julienserru.com\/?attachment_id=715\" class=\"wp-image-715\" srcset=\"https:\/\/julienserru.com\/wp-content\/uploads\/2019\/07\/DSC_0480.jpg 864w, https:\/\/julienserru.com\/wp-content\/uploads\/2019\/07\/DSC_0480-300x169.jpg 300w, https:\/\/julienserru.com\/wp-content\/uploads\/2019\/07\/DSC_0480-768x432.jpg 768w\" sizes=\"(max-width: 864px) 100vw, 864px\" \/><\/figure><\/li><li class=\"blocks-gallery-item\"><figure><img loading=\"lazy\" decoding=\"async\" width=\"864\" height=\"486\" src=\"http:\/\/julienserru.com\/wp-content\/uploads\/2019\/07\/DSC_0488.jpg\" alt=\"\" data-id=\"716\" data-link=\"http:\/\/julienserru.com\/?attachment_id=716\" class=\"wp-image-716\" srcset=\"https:\/\/julienserru.com\/wp-content\/uploads\/2019\/07\/DSC_0488.jpg 864w, https:\/\/julienserru.com\/wp-content\/uploads\/2019\/07\/DSC_0488-300x169.jpg 300w, https:\/\/julienserru.com\/wp-content\/uploads\/2019\/07\/DSC_0488-768x432.jpg 768w\" sizes=\"(max-width: 864px) 100vw, 864px\" \/><\/figure><\/li><li class=\"blocks-gallery-item\"><figure><img loading=\"lazy\" decoding=\"async\" width=\"864\" height=\"486\" src=\"http:\/\/julienserru.com\/wp-content\/uploads\/2019\/07\/DSC_0510.jpg\" alt=\"\" data-id=\"717\" data-link=\"http:\/\/julienserru.com\/?attachment_id=717\" class=\"wp-image-717\" srcset=\"https:\/\/julienserru.com\/wp-content\/uploads\/2019\/07\/DSC_0510.jpg 864w, https:\/\/julienserru.com\/wp-content\/uploads\/2019\/07\/DSC_0510-300x169.jpg 300w, https:\/\/julienserru.com\/wp-content\/uploads\/2019\/07\/DSC_0510-768x432.jpg 768w\" sizes=\"(max-width: 864px) 100vw, 864px\" \/><\/figure><\/li><li class=\"blocks-gallery-item\"><figure><img loading=\"lazy\" decoding=\"async\" width=\"864\" height=\"486\" src=\"http:\/\/julienserru.com\/wp-content\/uploads\/2019\/07\/DSC_0511.jpg\" alt=\"\" data-id=\"718\" data-link=\"http:\/\/julienserru.com\/?attachment_id=718\" class=\"wp-image-718\" srcset=\"https:\/\/julienserru.com\/wp-content\/uploads\/2019\/07\/DSC_0511.jpg 864w, https:\/\/julienserru.com\/wp-content\/uploads\/2019\/07\/DSC_0511-300x169.jpg 300w, https:\/\/julienserru.com\/wp-content\/uploads\/2019\/07\/DSC_0511-768x432.jpg 768w\" sizes=\"(max-width: 864px) 100vw, 864px\" \/><\/figure><\/li><li class=\"blocks-gallery-item\"><figure><img loading=\"lazy\" decoding=\"async\" width=\"864\" height=\"486\" src=\"http:\/\/julienserru.com\/wp-content\/uploads\/2019\/07\/DSC_0516.jpg\" alt=\"\" data-id=\"719\" data-link=\"http:\/\/julienserru.com\/?attachment_id=719\" class=\"wp-image-719\" srcset=\"https:\/\/julienserru.com\/wp-content\/uploads\/2019\/07\/DSC_0516.jpg 864w, https:\/\/julienserru.com\/wp-content\/uploads\/2019\/07\/DSC_0516-300x169.jpg 300w, https:\/\/julienserru.com\/wp-content\/uploads\/2019\/07\/DSC_0516-768x432.jpg 768w\" sizes=\"(max-width: 864px) 100vw, 864px\" \/><\/figure><\/li><li class=\"blocks-gallery-item\"><figure><img loading=\"lazy\" decoding=\"async\" width=\"864\" height=\"486\" src=\"http:\/\/julienserru.com\/wp-content\/uploads\/2019\/07\/DSC_0518.jpg\" alt=\"\" data-id=\"720\" data-link=\"http:\/\/julienserru.com\/?attachment_id=720\" class=\"wp-image-720\" srcset=\"https:\/\/julienserru.com\/wp-content\/uploads\/2019\/07\/DSC_0518.jpg 864w, https:\/\/julienserru.com\/wp-content\/uploads\/2019\/07\/DSC_0518-300x169.jpg 300w, https:\/\/julienserru.com\/wp-content\/uploads\/2019\/07\/DSC_0518-768x432.jpg 768w\" sizes=\"(max-width: 864px) 100vw, 864px\" \/><\/figure><\/li><\/ul>\n\n\n\n<p class=\"has-small-font-size\">Photos prises lors de mon invitation au lancement de l&rsquo;exposition.<\/p>\n\n\n\n<div class=\"wp-block-file\"><a href=\"blob:http:\/\/julienserru.com\/4ae50144-0d6a-42c9-a9b3-118e21e466b8\">  Pour t\u00e9l\u00e9charger la version PDF interactive : <\/a><a href=\"blob:http:\/\/julienserru.com\/4ae50144-0d6a-42c9-a9b3-118e21e466b8\" class=\"wp-block-file__button\" download>Cliquez ici<\/a><\/div>\n\n\n\n<p><strong>Reportage obtenu pour le journal de France 3 IDF, pour l&rsquo;adjoint au maire, Marc Mutti :<\/strong><\/p>\n\n\n\n<ul class=\"wp-block-gallery columns-2 is-cropped wp-block-gallery-3 is-layout-flex wp-block-gallery-is-layout-flex\"><li class=\"blocks-gallery-item\"><figure><img loading=\"lazy\" decoding=\"async\" width=\"1024\" height=\"768\" src=\"https:\/\/julienserru.com\/wp-content\/uploads\/2019\/12\/20191121_102516-1024x768.jpg\" alt=\"\" data-id=\"1817\" data-link=\"https:\/\/julienserru.com\/?attachment_id=1817\" class=\"wp-image-1817\" srcset=\"https:\/\/julienserru.com\/wp-content\/uploads\/2019\/12\/20191121_102516-1024x768.jpg 1024w, https:\/\/julienserru.com\/wp-content\/uploads\/2019\/12\/20191121_102516-300x225.jpg 300w, https:\/\/julienserru.com\/wp-content\/uploads\/2019\/12\/20191121_102516-768x576.jpg 768w, https:\/\/julienserru.com\/wp-content\/uploads\/2019\/12\/20191121_102516-120x90.jpg 120w\" sizes=\"(max-width: 1024px) 100vw, 1024px\" \/><\/figure><\/li><li class=\"blocks-gallery-item\"><figure><img loading=\"lazy\" decoding=\"async\" width=\"1024\" height=\"768\" src=\"https:\/\/julienserru.com\/wp-content\/uploads\/2019\/12\/20191121_102543-1024x768.jpg\" alt=\"\" data-id=\"1818\" data-link=\"https:\/\/julienserru.com\/?attachment_id=1818\" class=\"wp-image-1818\" srcset=\"https:\/\/julienserru.com\/wp-content\/uploads\/2019\/12\/20191121_102543-1024x768.jpg 1024w, https:\/\/julienserru.com\/wp-content\/uploads\/2019\/12\/20191121_102543-300x225.jpg 300w, https:\/\/julienserru.com\/wp-content\/uploads\/2019\/12\/20191121_102543-768x576.jpg 768w, https:\/\/julienserru.com\/wp-content\/uploads\/2019\/12\/20191121_102543-120x90.jpg 120w\" sizes=\"(max-width: 1024px) 100vw, 1024px\" \/><\/figure><\/li><\/ul>\n\n\n\n<p><strong>Exemple d&rsquo;organisation et de plan promo synth\u00e9tique pour des relations presse :<\/strong><\/p>\n\n\n\n<ul class=\"wp-block-gallery columns-2 is-cropped wp-block-gallery-4 is-layout-flex wp-block-gallery-is-layout-flex\"><li class=\"blocks-gallery-item\"><figure><img loading=\"lazy\" decoding=\"async\" width=\"1024\" height=\"720\" src=\"http:\/\/julienserru.com\/wp-content\/uploads\/2019\/07\/PLANNING-DETAILLE-1024x720.jpg\" alt=\"\" data-id=\"1614\" data-link=\"http:\/\/julienserru.com\/?attachment_id=1614\" class=\"wp-image-1614\" srcset=\"https:\/\/julienserru.com\/wp-content\/uploads\/2019\/07\/PLANNING-DETAILLE-1024x720.jpg 1024w, https:\/\/julienserru.com\/wp-content\/uploads\/2019\/07\/PLANNING-DETAILLE-300x211.jpg 300w, https:\/\/julienserru.com\/wp-content\/uploads\/2019\/07\/PLANNING-DETAILLE-768x540.jpg 768w, https:\/\/julienserru.com\/wp-content\/uploads\/2019\/07\/PLANNING-DETAILLE.jpg 1334w\" sizes=\"(max-width: 1024px) 100vw, 1024px\" \/><\/figure><\/li><li class=\"blocks-gallery-item\"><figure><img loading=\"lazy\" decoding=\"async\" width=\"724\" height=\"1024\" src=\"http:\/\/julienserru.com\/wp-content\/uploads\/2019\/07\/tableaumedias-copie-724x1024.jpg\" alt=\"\" data-id=\"1615\" data-link=\"http:\/\/julienserru.com\/?attachment_id=1615\" class=\"wp-image-1615\" srcset=\"https:\/\/julienserru.com\/wp-content\/uploads\/2019\/07\/tableaumedias-copie-724x1024.jpg 724w, https:\/\/julienserru.com\/wp-content\/uploads\/2019\/07\/tableaumedias-copie-212x300.jpg 212w, https:\/\/julienserru.com\/wp-content\/uploads\/2019\/07\/tableaumedias-copie-768x1087.jpg 768w, https:\/\/julienserru.com\/wp-content\/uploads\/2019\/07\/tableaumedias-copie.jpg 795w\" sizes=\"(max-width: 724px) 100vw, 724px\" \/><\/figure><\/li><\/ul>\n\n\n\n<p><strong>COMMUNIQUE DE PRESSE POUR LA R\u00c9GION ILES  DE LA GUADELOUPE POUR LE SIAL ( SALON INTERNATIONAL ALIMENTAIRE ) :<\/strong><\/p>\n\n\n\n<div class=\"wp-block-image\"><figure class=\"aligncenter is-resized\"><img loading=\"lazy\" decoding=\"async\" src=\"http:\/\/julienserru.com\/wp-content\/uploads\/2019\/07\/INAUGURATION-GUADELOUPE-SIAL-2012.jpg\" alt=\"\" class=\"wp-image-1525\" width=\"455\" height=\"652\"\/><\/figure><\/div>\n\n\n\n<p><strong>DERNI\u00c8RE MISSION PRINCIPALE (JUIN 2019) MEN\u00c9E EN RELATIONS PRESSE :<\/strong><\/p>\n\n\n\n<ul class=\"wp-block-gallery columns-4 is-cropped wp-block-gallery-5 is-layout-flex wp-block-gallery-is-layout-flex\"><li class=\"blocks-gallery-item\"><figure><img loading=\"lazy\" decoding=\"async\" width=\"724\" height=\"1024\" src=\"http:\/\/julienserru.com\/wp-content\/uploads\/2019\/07\/03-26-724x1024.jpg\" alt=\"\" data-id=\"1348\" data-link=\"http:\/\/julienserru.com\/?attachment_id=1348\" class=\"wp-image-1348\" srcset=\"https:\/\/julienserru.com\/wp-content\/uploads\/2019\/07\/03-26-724x1024.jpg 724w, https:\/\/julienserru.com\/wp-content\/uploads\/2019\/07\/03-26-212x300.jpg 212w, https:\/\/julienserru.com\/wp-content\/uploads\/2019\/07\/03-26-768x1086.jpg 768w, https:\/\/julienserru.com\/wp-content\/uploads\/2019\/07\/03-26.jpg 1095w\" sizes=\"(max-width: 724px) 100vw, 724px\" \/><\/figure><\/li><li class=\"blocks-gallery-item\"><figure><img loading=\"lazy\" decoding=\"async\" width=\"724\" height=\"1024\" src=\"http:\/\/julienserru.com\/wp-content\/uploads\/2019\/07\/05-28-724x1024.jpg\" alt=\"\" data-id=\"1349\" data-link=\"http:\/\/julienserru.com\/?attachment_id=1349\" class=\"wp-image-1349\" srcset=\"https:\/\/julienserru.com\/wp-content\/uploads\/2019\/07\/05-28-724x1024.jpg 724w, https:\/\/julienserru.com\/wp-content\/uploads\/2019\/07\/05-28-212x300.jpg 212w, https:\/\/julienserru.com\/wp-content\/uploads\/2019\/07\/05-28-768x1086.jpg 768w, https:\/\/julienserru.com\/wp-content\/uploads\/2019\/07\/05-28.jpg 1095w\" sizes=\"(max-width: 724px) 100vw, 724px\" \/><\/figure><\/li><li class=\"blocks-gallery-item\"><figure><img loading=\"lazy\" decoding=\"async\" width=\"724\" height=\"1024\" src=\"http:\/\/julienserru.com\/wp-content\/uploads\/2019\/07\/07-20-724x1024.jpg\" alt=\"\" data-id=\"1350\" data-link=\"http:\/\/julienserru.com\/?attachment_id=1350\" class=\"wp-image-1350\" srcset=\"https:\/\/julienserru.com\/wp-content\/uploads\/2019\/07\/07-20-724x1024.jpg 724w, https:\/\/julienserru.com\/wp-content\/uploads\/2019\/07\/07-20-212x300.jpg 212w, https:\/\/julienserru.com\/wp-content\/uploads\/2019\/07\/07-20-768x1086.jpg 768w, https:\/\/julienserru.com\/wp-content\/uploads\/2019\/07\/07-20.jpg 1095w\" sizes=\"(max-width: 724px) 100vw, 724px\" \/><\/figure><\/li><li class=\"blocks-gallery-item\"><figure><img loading=\"lazy\" decoding=\"async\" width=\"724\" height=\"1024\" src=\"http:\/\/julienserru.com\/wp-content\/uploads\/2019\/07\/28-3-724x1024.jpg\" alt=\"\" data-id=\"1351\" data-link=\"http:\/\/julienserru.com\/?attachment_id=1351\" class=\"wp-image-1351\" srcset=\"https:\/\/julienserru.com\/wp-content\/uploads\/2019\/07\/28-3-724x1024.jpg 724w, https:\/\/julienserru.com\/wp-content\/uploads\/2019\/07\/28-3-212x300.jpg 212w, https:\/\/julienserru.com\/wp-content\/uploads\/2019\/07\/28-3-768x1086.jpg 768w, https:\/\/julienserru.com\/wp-content\/uploads\/2019\/07\/28-3.jpg 1095w\" sizes=\"(max-width: 724px) 100vw, 724px\" \/><\/figure><\/li><\/ul>\n\n\n\n<p class=\"has-small-font-size\"> ( copyright 2019 ) <\/p>\n\n\n\n<p><strong>l\u2019ensemble des r\u00e9sultats de mes relations presse :&nbsp;<\/strong><a href=\"http:\/\/julienserru.com\/?p=1330\"><strong>http:\/\/julienserru.com\/?p=1330<\/strong><\/a><\/p>\n\n\n\n<div class=\"wp-block-image\"><figure class=\"aligncenter is-resized\"><img loading=\"lazy\" decoding=\"async\" src=\"http:\/\/julienserru.com\/wp-content\/uploads\/2019\/07\/logos-medias-copie-1-1024x762.jpg\" alt=\"\" class=\"wp-image-838\" width=\"400\" height=\"281\"\/><\/figure><\/div>\n","protected":false},"excerpt":{"rendered":"<p>M\u00e9thode : Utilisation d&rsquo;un carnet de contacts m\u00e9dias et journalistes et d&rsquo;une strat\u00e9gie adapt\u00e9e afin d&rsquo;obtenir de nombreuses interviews et articles et de rechercher des partenariats presse. Contacts : +7500 contacts en France, des milliers \u00e0 l&rsquo;\u00e9tranger Des plus gros m\u00e9dias nationaux en France ( TF1, France T\u00e9l\u00e9visions, l&rsquo;AFP, Canal +, Arte,,D8, W9, &#8230; )&hellip;<\/p>\n","protected":false},"author":1,"featured_media":0,"parent":0,"menu_order":0,"comment_status":"closed","ping_status":"closed","template":"","meta":{"om_disable_all_campaigns":false,"_monsterinsights_skip_tracking":false,"_monsterinsights_sitenote_active":false,"_monsterinsights_sitenote_note":"","_monsterinsights_sitenote_category":0,"_uf_show_specific_survey":0,"_uf_disable_surveys":false,"footnotes":""},"class_list":["post-329","page","type-page","status-publish","hentry"],"aioseo_notices":[],"_links":{"self":[{"href":"https:\/\/julienserru.com\/index.php?rest_route=\/wp\/v2\/pages\/329"}],"collection":[{"href":"https:\/\/julienserru.com\/index.php?rest_route=\/wp\/v2\/pages"}],"about":[{"href":"https:\/\/julienserru.com\/index.php?rest_route=\/wp\/v2\/types\/page"}],"author":[{"embeddable":true,"href":"https:\/\/julienserru.com\/index.php?rest_route=\/wp\/v2\/users\/1"}],"replies":[{"embeddable":true,"href":"https:\/\/julienserru.com\/index.php?rest_route=%2Fwp%2Fv2%2Fcomments&post=329"}],"version-history":[{"count":44,"href":"https:\/\/julienserru.com\/index.php?rest_route=\/wp\/v2\/pages\/329\/revisions"}],"predecessor-version":[{"id":2113,"href":"https:\/\/julienserru.com\/index.php?rest_route=\/wp\/v2\/pages\/329\/revisions\/2113"}],"wp:attachment":[{"href":"https:\/\/julienserru.com\/index.php?rest_route=%2Fwp%2Fv2%2Fmedia&parent=329"}],"curies":[{"name":"wp","href":"https:\/\/api.w.org\/{rel}","templated":true}]}}