{"id":331,"date":"2019-07-03T22:27:41","date_gmt":"2019-07-03T22:27:41","guid":{"rendered":"http:\/\/julienserru.com\/?page_id=331"},"modified":"2022-06-04T11:38:56","modified_gmt":"2022-06-04T11:38:56","slug":"dossiers-de-presse-i","status":"publish","type":"page","link":"https:\/\/julienserru.com\/?page_id=331","title":{"rendered":"Dossiers de presse"},"content":{"rendered":"\n<p><strong>+ 400 cr\u00e9ations de dossiers de presse diff\u00e9rents \u00e0 mon actif !<\/strong><\/p>\n\n\n\n<p><strong>AU SUJET DES DOSSIERS DE PRESSE QUE JE CR\u00c9E<\/strong><\/p>\n\n\n\n<p class=\"has-small-font-size\"> Je cr\u00e9e les dossiers de presse de A \u00e0 Z : \u00e9crits, retouches photos, interactions, mise en page, &#8230;  <\/p>\n\n\n\n<p class=\"has-small-font-size\">Avoir un bon dossier permet d\u2019obtenir : des interviews, un producteur, des partenariats, du sponsoring, des dates, \u2026&nbsp;<br>Chaque dossier est pens\u00e9 et v\u00e9ritablement adapt\u00e9 \u00e0 l\u2019artiste ou au projet (choix des \u00e9l\u00e9ments, mise en avant des points forts, \u2026).<\/p>\n\n\n\n<p class=\"has-small-font-size\">Interactions en cliquant dessus :<\/p>\n\n\n\n<p class=\"has-small-font-size\">. des logos de r\u00e9seaux sociaux vers des r\u00e9seaux sociaux sur le net<\/p>\n\n\n\n<p class=\"has-small-font-size\">. les logos ou libell\u00e9s complets des sites officiels vers les sites officiels<\/p>\n\n\n\n<p class=\"has-small-font-size\">. les captures de vid\u00e9os vers les vid\u00e9os sur internet (youtube, \u2026) \u2026<\/p>\n\n\n\n<p class=\"has-small-font-size\"><br>Compatibles : PC, Mac, Tablette, Smartphones, (application gratuite Adobe reader ou concurrent pour tablettes et smartphones) \u2026<\/p>\n\n\n\n<p class=\"has-small-font-size\"><strong>Tarifs et demandes de devis : julien.serru@gmail.com ou +33 (0)6 62 49 27 25<\/strong><\/p>\n\n\n\n<p><strong>Exemple de Dossier de presse :<\/strong><\/p>\n\n\n\n<div class=\"wp-block-file\"><a href=\"blob:http:\/\/julienserru.com\/dd7a845a-5b2f-46c6-a1d1-e5434c744777\"> Pour t\u00e9l\u00e9charger la version PDF interactive :<\/a><a href=\"blob:http:\/\/julienserru.com\/dd7a845a-5b2f-46c6-a1d1-e5434c744777\" class=\"wp-block-file__button\" download>Cliquez ici<\/a><\/div>\n\n\n\n<ul class=\"wp-block-gallery columns-2 is-cropped wp-block-gallery-1 is-layout-flex wp-block-gallery-is-layout-flex\"><li class=\"blocks-gallery-item\"><figure><img loading=\"lazy\" decoding=\"async\" width=\"724\" height=\"1024\" src=\"http:\/\/julienserru.com\/wp-content\/uploads\/2019\/07\/01-19-724x1024.jpg\" alt=\"\" data-id=\"1117\" data-link=\"http:\/\/julienserru.com\/?attachment_id=1117\" class=\"wp-image-1117\" srcset=\"https:\/\/julienserru.com\/wp-content\/uploads\/2019\/07\/01-19-724x1024.jpg 724w, https:\/\/julienserru.com\/wp-content\/uploads\/2019\/07\/01-19-212x300.jpg 212w, https:\/\/julienserru.com\/wp-content\/uploads\/2019\/07\/01-19-768x1086.jpg 768w, https:\/\/julienserru.com\/wp-content\/uploads\/2019\/07\/01-19.jpg 995w\" sizes=\"(max-width: 724px) 100vw, 724px\" \/><\/figure><\/li><li class=\"blocks-gallery-item\"><figure><img loading=\"lazy\" decoding=\"async\" width=\"724\" height=\"1024\" src=\"http:\/\/julienserru.com\/wp-content\/uploads\/2019\/07\/03-16-724x1024.jpg\" alt=\"\" data-id=\"1118\" data-link=\"http:\/\/julienserru.com\/?attachment_id=1118\" class=\"wp-image-1118\" srcset=\"https:\/\/julienserru.com\/wp-content\/uploads\/2019\/07\/03-16-724x1024.jpg 724w, https:\/\/julienserru.com\/wp-content\/uploads\/2019\/07\/03-16-212x300.jpg 212w, https:\/\/julienserru.com\/wp-content\/uploads\/2019\/07\/03-16-768x1086.jpg 768w, https:\/\/julienserru.com\/wp-content\/uploads\/2019\/07\/03-16.jpg 995w\" sizes=\"(max-width: 724px) 100vw, 724px\" \/><\/figure><\/li><li class=\"blocks-gallery-item\"><figure><img loading=\"lazy\" decoding=\"async\" width=\"724\" height=\"1024\" src=\"http:\/\/julienserru.com\/wp-content\/uploads\/2019\/07\/04-7-724x1024.jpg\" alt=\"\" data-id=\"1119\" data-link=\"http:\/\/julienserru.com\/?attachment_id=1119\" class=\"wp-image-1119\" srcset=\"https:\/\/julienserru.com\/wp-content\/uploads\/2019\/07\/04-7-724x1024.jpg 724w, https:\/\/julienserru.com\/wp-content\/uploads\/2019\/07\/04-7-212x300.jpg 212w, https:\/\/julienserru.com\/wp-content\/uploads\/2019\/07\/04-7-768x1086.jpg 768w, https:\/\/julienserru.com\/wp-content\/uploads\/2019\/07\/04-7.jpg 995w\" sizes=\"(max-width: 724px) 100vw, 724px\" \/><\/figure><\/li><li class=\"blocks-gallery-item\"><figure><img loading=\"lazy\" decoding=\"async\" width=\"695\" height=\"983\" src=\"http:\/\/julienserru.com\/wp-content\/uploads\/2019\/07\/04-a.jpg\" alt=\"\" data-id=\"1122\" data-link=\"http:\/\/julienserru.com\/?attachment_id=1122\" class=\"wp-image-1122\" srcset=\"https:\/\/julienserru.com\/wp-content\/uploads\/2019\/07\/04-a.jpg 695w, https:\/\/julienserru.com\/wp-content\/uploads\/2019\/07\/04-a-212x300.jpg 212w\" sizes=\"(max-width: 695px) 100vw, 695px\" \/><\/figure><\/li><\/ul>\n","protected":false},"excerpt":{"rendered":"<p>+ 400 cr\u00e9ations de dossiers de presse diff\u00e9rents \u00e0 mon actif ! AU SUJET DES DOSSIERS DE PRESSE QUE JE CR\u00c9E Je cr\u00e9e les dossiers de presse de A \u00e0 Z : \u00e9crits, retouches photos, interactions, mise en page, &#8230; Avoir un bon dossier permet d\u2019obtenir : des interviews, un producteur, des partenariats, du sponsoring,&hellip;<\/p>\n","protected":false},"author":1,"featured_media":0,"parent":0,"menu_order":0,"comment_status":"closed","ping_status":"closed","template":"","meta":{"om_disable_all_campaigns":false,"_monsterinsights_skip_tracking":false,"_monsterinsights_sitenote_active":false,"_monsterinsights_sitenote_note":"","_monsterinsights_sitenote_category":0,"_uf_show_specific_survey":0,"_uf_disable_surveys":false,"footnotes":""},"class_list":["post-331","page","type-page","status-publish","hentry"],"aioseo_notices":[],"_links":{"self":[{"href":"https:\/\/julienserru.com\/index.php?rest_route=\/wp\/v2\/pages\/331"}],"collection":[{"href":"https:\/\/julienserru.com\/index.php?rest_route=\/wp\/v2\/pages"}],"about":[{"href":"https:\/\/julienserru.com\/index.php?rest_route=\/wp\/v2\/types\/page"}],"author":[{"embeddable":true,"href":"https:\/\/julienserru.com\/index.php?rest_route=\/wp\/v2\/users\/1"}],"replies":[{"embeddable":true,"href":"https:\/\/julienserru.com\/index.php?rest_route=%2Fwp%2Fv2%2Fcomments&post=331"}],"version-history":[{"count":15,"href":"https:\/\/julienserru.com\/index.php?rest_route=\/wp\/v2\/pages\/331\/revisions"}],"predecessor-version":[{"id":2108,"href":"https:\/\/julienserru.com\/index.php?rest_route=\/wp\/v2\/pages\/331\/revisions\/2108"}],"wp:attachment":[{"href":"https:\/\/julienserru.com\/index.php?rest_route=%2Fwp%2Fv2%2Fmedia&parent=331"}],"curies":[{"name":"wp","href":"https:\/\/api.w.org\/{rel}","templated":true}]}}